{"id":211,"date":"2019-10-30T12:00:13","date_gmt":"2019-10-30T11:00:13","guid":{"rendered":"http:\/\/asspatstaubin.be\/?page_id=211"},"modified":"2020-02-08T12:06:24","modified_gmt":"2020-02-08T11:06:24","slug":"notre-comite","status":"publish","type":"page","link":"https:\/\/asspatstaubin.be\/?page_id=211","title":{"rendered":"Composition du Comit\u00e9 &#8211; Octobre 2019"},"content":{"rendered":"\n<h4>Coordinateur  :<br><\/h4>\n\n\n\n<p>Ren\u00e9 LEBRUN &#8211; Rue Goffin, 114; 5620 SAINT-AUBIN<br>T\u00e9l : 0032 (0)71.68.87.42 ; GSM : 0032 (0)476.21.30.47<br> Email : <a href=\"mailto:lebrunhins1@gmail.com\">lebrunhins1@gmail.com<\/a> <\/p>\n\n\n\n<h4>Secr\u00e9taire : <\/h4>\n\n\n\n<p>Maryline DANDOIS &#8211; Rue Croix Biston, 2; 5621 MORIALME<br>T\u00e9l : 0032 (0)476.26.82.89 <br>Email : <a href=\"mailto:marylinedandois@yahoo.fr\">marylinedandois@yahoo.fr<\/a> <\/p>\n\n\n\n<h4>Tr\u00e9sori\u00e8re : <\/h4>\n\n\n\n<p>Sonia MICHAUX &#8211; Rue Paul Costey, 6; 5620 SAINT-AUBIN<br>T\u00e9l : 0032 (0)498\/56.74.18 <br>Email : <a href=\"mailto:michaux_sonia@hotmail.com\">michaux_sonia@hotmail.com<\/a> <\/p>\n\n\n\n<h4>Membres : <\/h4>\n\n\n\n<p>Fran\u00e7oise BENARD (Hanzinelle)<br>Jules COLLE  (Saint-Aubin)<br>Claudine DANZE-COLLE (Saint-Aubin)<br>Laurent DE CLERCQ (Saint-Aubin)<br>Claudy DONOT (Saint-Aubin)<br>Martine HILSON-SCIEUR (Philippeville)<br>Francis LAMBERT (Saint-Aubin)<br>Jean-Pol LAMBOT (Florennes)<br>Jean-Marie LOUSBERG (Saint-Aubin)<br>Robert MILET (Fromi\u00e9e \/ Gerpinnes)<br>Philippe PAQUET (Florennes)<br>Jo\u00ebl SCIEUR (Philippeville)<br>William STERCKX (Florennes)<br>Alphonse VANDERWEERDEN (Florennes)<\/p>\n\n\n\n<h4>Porte-Drapeau<\/h4>\n\n\n\n<p>Denis PIERARD (Saint-Aubin)<\/p>\n\n\n\n<p><strong>Contact<\/strong> : <a href=\"mailto:info@asspatstaubin.be\">info@asspatstaubin.be<\/a> ; <strong>Site internet <\/strong>: <a href=\"http:\/\/asspatstaubin.be\">http:\/\/asspatstaubin.be<\/a> <\/p>\n\n\n\n<p><\/p>\n","protected":false},"excerpt":{"rendered":"<p>Coordinateur : Ren\u00e9 LEBRUN &#8211; Rue Goffin, 114; 5620 SAINT-AUBINT\u00e9l : 0032 (0)71.68.87.42 ; GSM : 0032 (0)476.21.30.47 Email : lebrunhins1@gmail.com Secr\u00e9taire : Maryline DANDOIS &#8211; Rue Croix Biston, 2; [&hellip;]<\/p>\n","protected":false},"author":1,"featured_media":0,"parent":0,"menu_order":0,"comment_status":"closed","ping_status":"closed","template":"","meta":[],"_links":{"self":[{"href":"https:\/\/asspatstaubin.be\/index.php?rest_route=\/wp\/v2\/pages\/211"}],"collection":[{"href":"https:\/\/asspatstaubin.be\/index.php?rest_route=\/wp\/v2\/pages"}],"about":[{"href":"https:\/\/asspatstaubin.be\/index.php?rest_route=\/wp\/v2\/types\/page"}],"author":[{"embeddable":true,"href":"https:\/\/asspatstaubin.be\/index.php?rest_route=\/wp\/v2\/users\/1"}],"replies":[{"embeddable":true,"href":"https:\/\/asspatstaubin.be\/index.php?rest_route=%2Fwp%2Fv2%2Fcomments&post=211"}],"version-history":[{"count":19,"href":"https:\/\/asspatstaubin.be\/index.php?rest_route=\/wp\/v2\/pages\/211\/revisions"}],"predecessor-version":[{"id":1415,"href":"https:\/\/asspatstaubin.be\/index.php?rest_route=\/wp\/v2\/pages\/211\/revisions\/1415"}],"wp:attachment":[{"href":"https:\/\/asspatstaubin.be\/index.php?rest_route=%2Fwp%2Fv2%2Fmedia&parent=211"}],"curies":[{"name":"wp","href":"https:\/\/api.w.org\/{rel}","templated":true}]}}